{"id":894,"date":"2017-03-21T04:31:13","date_gmt":"2017-03-20T23:31:13","guid":{"rendered":"https:\/\/cerbere.ca\/lexique\/?page_id=894"},"modified":"2017-03-21T04:31:13","modified_gmt":"2017-03-20T23:31:13","slug":"transition","status":"publish","type":"page","link":"https:\/\/cerbere.ca\/lexique\/transition\/","title":{"rendered":"Transition"},"content":{"rendered":"<p><b>Transition <\/b><br \/>\n<i>transition<\/i><\/p>\n<p>Forme de mutation. Une nucl\u00e9otide peut \u00eatre remplac\u00e9e par une autre nucl\u00e9otide du m\u00eame groupe, i.e. une purine par une purine, une pyrimidine par une pyrimidine. Une paire comprenant deux nucl\u00e9otides peut \u00eatre remplac\u00e9e dans une s\u00e9quence ou m\u00eame un codon entier peut se substituer \u00e0 un autre.<br \/>\nLes cons\u00e9quences d&rsquo;une transition ou d&rsquo;un transversion peuvent \u00eatre nulles (aucune prot\u00e9ine n&rsquo;est cod\u00e9e, ou la m\u00eame prot\u00e9ine est \u00e9galement cod\u00e9e par les deux); elles peuvent aussi \u00eatre importantes et affecter la survie de l&rsquo;organisme.<br \/>\nVoir: <i>contraire de Transversion<\/i>;<i> mutation<\/i><\/p>\n","protected":false},"excerpt":{"rendered":"<p>Transition transition Forme de mutation. Une nucl\u00e9otide peut \u00eatre remplac\u00e9e par une autre nucl\u00e9otide du m\u00eame groupe, i.e. une purine par une purine, une pyrimidine par une pyrimidine. Une paire comprenant deux nucl\u00e9otides peut \u00eatre remplac\u00e9e dans une s\u00e9quence ou m\u00eame un codon entier peut se substituer \u00e0 un autre. Les cons\u00e9quences d&rsquo;une transition ou [&hellip;]<\/p>\n","protected":false},"author":1,"featured_media":0,"parent":0,"menu_order":0,"comment_status":"closed","ping_status":"closed","template":"","meta":[],"_links":{"self":[{"href":"https:\/\/cerbere.ca\/lexique\/wp-json\/wp\/v2\/pages\/894"}],"collection":[{"href":"https:\/\/cerbere.ca\/lexique\/wp-json\/wp\/v2\/pages"}],"about":[{"href":"https:\/\/cerbere.ca\/lexique\/wp-json\/wp\/v2\/types\/page"}],"author":[{"embeddable":true,"href":"https:\/\/cerbere.ca\/lexique\/wp-json\/wp\/v2\/users\/1"}],"replies":[{"embeddable":true,"href":"https:\/\/cerbere.ca\/lexique\/wp-json\/wp\/v2\/comments?post=894"}],"version-history":[{"count":1,"href":"https:\/\/cerbere.ca\/lexique\/wp-json\/wp\/v2\/pages\/894\/revisions"}],"predecessor-version":[{"id":896,"href":"https:\/\/cerbere.ca\/lexique\/wp-json\/wp\/v2\/pages\/894\/revisions\/896"}],"wp:attachment":[{"href":"https:\/\/cerbere.ca\/lexique\/wp-json\/wp\/v2\/media?parent=894"}],"curies":[{"name":"wp","href":"https:\/\/api.w.org\/{rel}","templated":true}]}}