{"id":86,"date":"2017-03-18T18:41:12","date_gmt":"2017-03-18T13:41:12","guid":{"rendered":"https:\/\/cerbere.ca\/lexique\/?page_id=86"},"modified":"2017-03-18T18:41:58","modified_gmt":"2017-03-18T13:41:58","slug":"86-2","status":"publish","type":"page","link":"https:\/\/cerbere.ca\/lexique\/86-2\/","title":{"rendered":"Amplification de l&rsquo;ADN"},"content":{"rendered":"<dl>\n<dt><b>Amplification de l&rsquo;ADN <\/b><br \/>\n<i>DNA amplification<\/i><\/dt>\n<dd>Processus par lequel une tr\u00e8s petite quantit\u00e9 d&rsquo;ADN peut \u00eatre transform\u00e9e, multipli\u00e9e, reproduite par des r\u00e9actions r\u00e9p\u00e9t\u00e9es de polym\u00e9risation en cha\u00eene. Ce processus de \u00a0r\u00e9plication utilise la compl\u00e9mentarit\u00e9 des bases nucl\u00e9iques pour guider la synth\u00e8se du nouveau brin \u00e0 partir du brin matrice. Le cycle comprend d&rsquo;abord la d\u00e9naturation par la chaleur de la double spirale en deux filaments distincts qui serviront de matrices pour les futures transformations. L&rsquo;\u00e9chantillon est ensuite refroidi pour permettre aux filaments de refaire des liens avec des agents oligonucl\u00e9otides \u00a0ajout\u00e9s au m\u00e9lange. Puis, la temp\u00e9rature est ramen\u00e9e \u00e0 un niveau optimal pour qu&rsquo;il se produise une nouvelle polym\u00e9risation, provoquant ainsi une reproduction de chacun des matrices. Le cycle est r\u00e9p\u00e9t\u00e9 plusieurs fois, de telle sorte que l&rsquo;ADN double \u00e0 chacun des cycles et se multiplie de mani\u00e8re exponentielle.<\/dd>\n<dd>Voir: <i>ADN polym\u00e9rase<\/i><\/dd>\n<\/dl>\n<p>&nbsp;<\/p>\n","protected":false},"excerpt":{"rendered":"<p>Amplification de l&rsquo;ADN DNA amplification Processus par lequel une tr\u00e8s petite quantit\u00e9 d&rsquo;ADN peut \u00eatre transform\u00e9e, multipli\u00e9e, reproduite par des r\u00e9actions r\u00e9p\u00e9t\u00e9es de polym\u00e9risation en cha\u00eene. Ce processus de \u00a0r\u00e9plication utilise la compl\u00e9mentarit\u00e9 des bases nucl\u00e9iques pour guider la synth\u00e8se du nouveau brin \u00e0 partir du brin matrice. Le cycle comprend d&rsquo;abord la d\u00e9naturation par [&hellip;]<\/p>\n","protected":false},"author":1,"featured_media":0,"parent":0,"menu_order":0,"comment_status":"closed","ping_status":"closed","template":"","meta":[],"_links":{"self":[{"href":"https:\/\/cerbere.ca\/lexique\/wp-json\/wp\/v2\/pages\/86"}],"collection":[{"href":"https:\/\/cerbere.ca\/lexique\/wp-json\/wp\/v2\/pages"}],"about":[{"href":"https:\/\/cerbere.ca\/lexique\/wp-json\/wp\/v2\/types\/page"}],"author":[{"embeddable":true,"href":"https:\/\/cerbere.ca\/lexique\/wp-json\/wp\/v2\/users\/1"}],"replies":[{"embeddable":true,"href":"https:\/\/cerbere.ca\/lexique\/wp-json\/wp\/v2\/comments?post=86"}],"version-history":[{"count":2,"href":"https:\/\/cerbere.ca\/lexique\/wp-json\/wp\/v2\/pages\/86\/revisions"}],"predecessor-version":[{"id":89,"href":"https:\/\/cerbere.ca\/lexique\/wp-json\/wp\/v2\/pages\/86\/revisions\/89"}],"wp:attachment":[{"href":"https:\/\/cerbere.ca\/lexique\/wp-json\/wp\/v2\/media?parent=86"}],"curies":[{"name":"wp","href":"https:\/\/api.w.org\/{rel}","templated":true}]}}