{"id":841,"date":"2017-03-21T00:42:48","date_gmt":"2017-03-20T19:42:48","guid":{"rendered":"https:\/\/cerbere.ca\/lexique\/?page_id=841"},"modified":"2017-03-21T00:42:48","modified_gmt":"2017-03-20T19:42:48","slug":"taux-de-mutation-probabilite-de-mutation","status":"publish","type":"page","link":"https:\/\/cerbere.ca\/lexique\/taux-de-mutation-probabilite-de-mutation\/","title":{"rendered":"Taux de mutation | probabilit\u00e9 de mutation"},"content":{"rendered":"<p><b>Taux de mutation | probabilit\u00e9 de mutation <\/b><br \/>\n<i>mutation rate | probability of mutation<\/i><\/p>\n<p>Proportion des cas o\u00f9 il se produit une mutation par g\u00e9n\u00e9ration. Cette valeur s\u2019exprime en % par transmission ou g\u00e9n\u00e9ration. En g\u00e9n\u00e9ral on attribue un taux moyen de 0.2% (2 chances sur 1 000) pour chaque marqueur. Or, des taux ont \u00e9t\u00e9 calcul\u00e9s pour chacun des marqueurs individuels et r\u00e9v\u00e8lent que ce taux pourrait \u00eatre du double de ce qui avait \u00e9t\u00e9 estim\u00e9, soit de 4 chances sur 1 000 en moyenne.<br \/>\nConna\u00eetre le taux de mutation est essentiel pour estimer de l\u2019\u00e2ge de l\u2019anc\u00eatre commun le plus r\u00e9cent (TMRCA) et le nombre de g\u00e9n\u00e9rations l\u2019en s\u00e9parant.<\/p>\n","protected":false},"excerpt":{"rendered":"<p>Taux de mutation | probabilit\u00e9 de mutation mutation rate | probability of mutation Proportion des cas o\u00f9 il se produit une mutation par g\u00e9n\u00e9ration. Cette valeur s\u2019exprime en % par transmission ou g\u00e9n\u00e9ration. En g\u00e9n\u00e9ral on attribue un taux moyen de 0.2% (2 chances sur 1 000) pour chaque marqueur. Or, des taux ont \u00e9t\u00e9 [&hellip;]<\/p>\n","protected":false},"author":1,"featured_media":0,"parent":0,"menu_order":0,"comment_status":"closed","ping_status":"closed","template":"","meta":[],"_links":{"self":[{"href":"https:\/\/cerbere.ca\/lexique\/wp-json\/wp\/v2\/pages\/841"}],"collection":[{"href":"https:\/\/cerbere.ca\/lexique\/wp-json\/wp\/v2\/pages"}],"about":[{"href":"https:\/\/cerbere.ca\/lexique\/wp-json\/wp\/v2\/types\/page"}],"author":[{"embeddable":true,"href":"https:\/\/cerbere.ca\/lexique\/wp-json\/wp\/v2\/users\/1"}],"replies":[{"embeddable":true,"href":"https:\/\/cerbere.ca\/lexique\/wp-json\/wp\/v2\/comments?post=841"}],"version-history":[{"count":1,"href":"https:\/\/cerbere.ca\/lexique\/wp-json\/wp\/v2\/pages\/841\/revisions"}],"predecessor-version":[{"id":843,"href":"https:\/\/cerbere.ca\/lexique\/wp-json\/wp\/v2\/pages\/841\/revisions\/843"}],"wp:attachment":[{"href":"https:\/\/cerbere.ca\/lexique\/wp-json\/wp\/v2\/media?parent=841"}],"curies":[{"name":"wp","href":"https:\/\/api.w.org\/{rel}","templated":true}]}}