{"id":835,"date":"2017-03-21T00:38:55","date_gmt":"2017-03-20T19:38:55","guid":{"rendered":"https:\/\/cerbere.ca\/lexique\/?page_id=835"},"modified":"2017-03-21T00:39:04","modified_gmt":"2017-03-20T19:39:04","slug":"tardiglaciaire","status":"publish","type":"page","link":"https:\/\/cerbere.ca\/lexique\/tardiglaciaire\/","title":{"rendered":"Tardiglaciaire"},"content":{"rendered":"<p><b>Tardiglaciaire <\/b><br \/>\nLe Tardiglaciaire s&rsquo;est produit entre 13 000 \u2013 11 800 BP environ. Fin de la derni\u00e8re glaciation fut marqu\u00e9e par une alternance de p\u00e9riodes froides et temp\u00e9r\u00e9es. C\u2019est au cours du Tardiglaciaire que la toundra ou la steppe froide r\u00e9gresse et fait place \u00e0 paysage plus arbor\u00e9. Les groupes humains de culture magdal\u00e9nienne ou \u00e9pi-pal\u00e9olithique chassent le renne et le cheval dans les toundras et les steppes, le cerf dans les paysages arbor\u00e9s.<\/p>\n<p>Cette p\u00e9riode fut suivie du Bor\u00e9al entre 8 800 et 6 900 PB. Cette p\u00e9riode post-glaciaire avait un climat temp\u00e9r\u00e9. Les groupes humains de culture m\u00e9solithique y vivent alors de chasse (cerf, sanglier, aurochs), de p\u00eache et de cueillette.<\/p>\n<p>&nbsp;<\/p>\n","protected":false},"excerpt":{"rendered":"<p>Tardiglaciaire Le Tardiglaciaire s&rsquo;est produit entre 13 000 \u2013 11 800 BP environ. Fin de la derni\u00e8re glaciation fut marqu\u00e9e par une alternance de p\u00e9riodes froides et temp\u00e9r\u00e9es. C\u2019est au cours du Tardiglaciaire que la toundra ou la steppe froide r\u00e9gresse et fait place \u00e0 paysage plus arbor\u00e9. Les groupes humains de culture magdal\u00e9nienne ou [&hellip;]<\/p>\n","protected":false},"author":1,"featured_media":0,"parent":0,"menu_order":0,"comment_status":"closed","ping_status":"closed","template":"","meta":[],"_links":{"self":[{"href":"https:\/\/cerbere.ca\/lexique\/wp-json\/wp\/v2\/pages\/835"}],"collection":[{"href":"https:\/\/cerbere.ca\/lexique\/wp-json\/wp\/v2\/pages"}],"about":[{"href":"https:\/\/cerbere.ca\/lexique\/wp-json\/wp\/v2\/types\/page"}],"author":[{"embeddable":true,"href":"https:\/\/cerbere.ca\/lexique\/wp-json\/wp\/v2\/users\/1"}],"replies":[{"embeddable":true,"href":"https:\/\/cerbere.ca\/lexique\/wp-json\/wp\/v2\/comments?post=835"}],"version-history":[{"count":1,"href":"https:\/\/cerbere.ca\/lexique\/wp-json\/wp\/v2\/pages\/835\/revisions"}],"predecessor-version":[{"id":837,"href":"https:\/\/cerbere.ca\/lexique\/wp-json\/wp\/v2\/pages\/835\/revisions\/837"}],"wp:attachment":[{"href":"https:\/\/cerbere.ca\/lexique\/wp-json\/wp\/v2\/media?parent=835"}],"curies":[{"name":"wp","href":"https:\/\/api.w.org\/{rel}","templated":true}]}}