{"id":825,"date":"2017-03-21T00:33:05","date_gmt":"2017-03-20T19:33:05","guid":{"rendered":"https:\/\/cerbere.ca\/lexique\/?page_id=825"},"modified":"2017-03-21T00:33:05","modified_gmt":"2017-03-20T19:33:05","slug":"splitstree-logiciel","status":"publish","type":"page","link":"https:\/\/cerbere.ca\/lexique\/splitstree-logiciel\/","title":{"rendered":"SplitsTree  (logiciel)"},"content":{"rendered":"<p><b>SplitsTree <\/b><br \/>\n<i>Splitsree\u00a0Software for computing phylogenetic networks.<\/i><\/p>\n<p><b><br \/>\n<\/b>SplitsTree4 est un logiciel d\u00e9velopp\u00e9 par Dr Daniel HUSON de l&rsquo;Universit\u00e9 de T\u00fcbingen.<\/p>\n<p>Il permet de d\u00e9gager des r\u00e9seaux phylog\u00e9n\u00e9tiques \u00e0 partir de donn\u00e9es s\u00e9quentielles de type valeurs DYS ou la pr\u00e9sence ou absence de SNP.<\/p>\n<p>&nbsp;<\/p>\n","protected":false},"excerpt":{"rendered":"<p>SplitsTree Splitsree\u00a0Software for computing phylogenetic networks. SplitsTree4 est un logiciel d\u00e9velopp\u00e9 par Dr Daniel HUSON de l&rsquo;Universit\u00e9 de T\u00fcbingen. Il permet de d\u00e9gager des r\u00e9seaux phylog\u00e9n\u00e9tiques \u00e0 partir de donn\u00e9es s\u00e9quentielles de type valeurs DYS ou la pr\u00e9sence ou absence de SNP. &nbsp;<\/p>\n","protected":false},"author":1,"featured_media":0,"parent":0,"menu_order":0,"comment_status":"closed","ping_status":"closed","template":"","meta":[],"_links":{"self":[{"href":"https:\/\/cerbere.ca\/lexique\/wp-json\/wp\/v2\/pages\/825"}],"collection":[{"href":"https:\/\/cerbere.ca\/lexique\/wp-json\/wp\/v2\/pages"}],"about":[{"href":"https:\/\/cerbere.ca\/lexique\/wp-json\/wp\/v2\/types\/page"}],"author":[{"embeddable":true,"href":"https:\/\/cerbere.ca\/lexique\/wp-json\/wp\/v2\/users\/1"}],"replies":[{"embeddable":true,"href":"https:\/\/cerbere.ca\/lexique\/wp-json\/wp\/v2\/comments?post=825"}],"version-history":[{"count":1,"href":"https:\/\/cerbere.ca\/lexique\/wp-json\/wp\/v2\/pages\/825\/revisions"}],"predecessor-version":[{"id":827,"href":"https:\/\/cerbere.ca\/lexique\/wp-json\/wp\/v2\/pages\/825\/revisions\/827"}],"wp:attachment":[{"href":"https:\/\/cerbere.ca\/lexique\/wp-json\/wp\/v2\/media?parent=825"}],"curies":[{"name":"wp","href":"https:\/\/api.w.org\/{rel}","templated":true}]}}