{"id":80,"date":"2017-03-18T18:37:25","date_gmt":"2017-03-18T13:37:25","guid":{"rendered":"https:\/\/cerbere.ca\/lexique\/?page_id=80"},"modified":"2017-03-18T18:37:25","modified_gmt":"2017-03-18T13:37:25","slug":"amel","status":"publish","type":"page","link":"https:\/\/cerbere.ca\/lexique\/amel\/","title":{"rendered":"Amel"},"content":{"rendered":"<dl>\n<dt><b>Amel <\/b><br \/>\n<i>Amel<\/i><\/dt>\n<dd>Acronyme pour le test d&rsquo;am\u00e9log\u00e9nine faisant partie le plus souvent du test ADN de type CODIS. Le test Amel permet de d\u00e9terminer le sexe du porteur de l&rsquo;ADN.<\/dd>\n<dd>\nVoir: <i>am\u00e9log\u00e9nine\u00a0<\/i>;<i> CODIS<\/i><\/dd>\n<\/dl>\n<p>&nbsp;<\/p>\n","protected":false},"excerpt":{"rendered":"<p>Amel Amel Acronyme pour le test d&rsquo;am\u00e9log\u00e9nine faisant partie le plus souvent du test ADN de type CODIS. Le test Amel permet de d\u00e9terminer le sexe du porteur de l&rsquo;ADN. Voir: am\u00e9log\u00e9nine\u00a0; CODIS &nbsp;<\/p>\n","protected":false},"author":1,"featured_media":0,"parent":0,"menu_order":0,"comment_status":"closed","ping_status":"closed","template":"","meta":[],"_links":{"self":[{"href":"https:\/\/cerbere.ca\/lexique\/wp-json\/wp\/v2\/pages\/80"}],"collection":[{"href":"https:\/\/cerbere.ca\/lexique\/wp-json\/wp\/v2\/pages"}],"about":[{"href":"https:\/\/cerbere.ca\/lexique\/wp-json\/wp\/v2\/types\/page"}],"author":[{"embeddable":true,"href":"https:\/\/cerbere.ca\/lexique\/wp-json\/wp\/v2\/users\/1"}],"replies":[{"embeddable":true,"href":"https:\/\/cerbere.ca\/lexique\/wp-json\/wp\/v2\/comments?post=80"}],"version-history":[{"count":1,"href":"https:\/\/cerbere.ca\/lexique\/wp-json\/wp\/v2\/pages\/80\/revisions"}],"predecessor-version":[{"id":82,"href":"https:\/\/cerbere.ca\/lexique\/wp-json\/wp\/v2\/pages\/80\/revisions\/82"}],"wp:attachment":[{"href":"https:\/\/cerbere.ca\/lexique\/wp-json\/wp\/v2\/media?parent=80"}],"curies":[{"name":"wp","href":"https:\/\/api.w.org\/{rel}","templated":true}]}}