{"id":765,"date":"2017-03-20T18:50:59","date_gmt":"2017-03-20T13:50:59","guid":{"rendered":"https:\/\/cerbere.ca\/lexique\/?page_id=765"},"modified":"2017-03-20T18:51:43","modified_gmt":"2017-03-20T13:51:43","slug":"region-pseudo-autosomale","status":"publish","type":"page","link":"https:\/\/cerbere.ca\/lexique\/region-pseudo-autosomale\/","title":{"rendered":"R\u00e9gion pseudo-autosomale"},"content":{"rendered":"<p><b>R\u00e9gion pseudo-autosomale <\/b><br \/>\n<i>pseudo-autosomal region<\/i><\/p>\n<p>Petites r\u00e9gions situ\u00e9es aux extr\u00e9mit\u00e9s des chromosomes X et Y. Ces r\u00e9gions peuvent \u00e9changer du mat\u00e9riel g\u00e9n\u00e9tique par enjambement ou recombinaison au moment de la m\u00e9iose.<br \/>\nLes r\u00e9gions qui \u00e9chappent \u00e0 l&rsquo;inactivation de l&rsquo;X sont situ\u00e9es aux extr\u00e9mit\u00e9s oppos\u00e9es du X et du Y.<br \/>\nElles sont le lieu d&rsquo;appariement, de recombinaison et de d&rsquo;\u00e9changes g\u00e9n\u00e9tiques entre X et Y au cours de la m\u00e9iose m\u00e2le.<b> <\/b><\/p>\n<p>Certains loci de r\u00e9gions pseudo-autosomales du chromosome Y demeurent suffisamment stables pour servir de marqueurs SNP.<\/p>\n<p>&nbsp;<\/p>\n<p><b><br \/>\n<img decoding=\"async\" src=\"http:\/\/corvus\/graphes\/pseudo-autosomales.gif\" align=\"BOTTOM\" border=\"0\" \/><\/b><\/p>\n","protected":false},"excerpt":{"rendered":"<p>R\u00e9gion pseudo-autosomale pseudo-autosomal region Petites r\u00e9gions situ\u00e9es aux extr\u00e9mit\u00e9s des chromosomes X et Y. Ces r\u00e9gions peuvent \u00e9changer du mat\u00e9riel g\u00e9n\u00e9tique par enjambement ou recombinaison au moment de la m\u00e9iose. Les r\u00e9gions qui \u00e9chappent \u00e0 l&rsquo;inactivation de l&rsquo;X sont situ\u00e9es aux extr\u00e9mit\u00e9s oppos\u00e9es du X et du Y. Elles sont le lieu d&rsquo;appariement, de recombinaison [&hellip;]<\/p>\n","protected":false},"author":1,"featured_media":0,"parent":0,"menu_order":0,"comment_status":"closed","ping_status":"closed","template":"","meta":[],"_links":{"self":[{"href":"https:\/\/cerbere.ca\/lexique\/wp-json\/wp\/v2\/pages\/765"}],"collection":[{"href":"https:\/\/cerbere.ca\/lexique\/wp-json\/wp\/v2\/pages"}],"about":[{"href":"https:\/\/cerbere.ca\/lexique\/wp-json\/wp\/v2\/types\/page"}],"author":[{"embeddable":true,"href":"https:\/\/cerbere.ca\/lexique\/wp-json\/wp\/v2\/users\/1"}],"replies":[{"embeddable":true,"href":"https:\/\/cerbere.ca\/lexique\/wp-json\/wp\/v2\/comments?post=765"}],"version-history":[{"count":1,"href":"https:\/\/cerbere.ca\/lexique\/wp-json\/wp\/v2\/pages\/765\/revisions"}],"predecessor-version":[{"id":767,"href":"https:\/\/cerbere.ca\/lexique\/wp-json\/wp\/v2\/pages\/765\/revisions\/767"}],"wp:attachment":[{"href":"https:\/\/cerbere.ca\/lexique\/wp-json\/wp\/v2\/media?parent=765"}],"curies":[{"name":"wp","href":"https:\/\/api.w.org\/{rel}","templated":true}]}}