{"id":591,"date":"2017-03-20T04:31:37","date_gmt":"2017-03-19T23:31:37","guid":{"rendered":"https:\/\/cerbere.ca\/lexique\/?page_id=591"},"modified":"2017-03-20T04:31:46","modified_gmt":"2017-03-19T23:31:46","slug":"marqueur-multi-copies","status":"publish","type":"page","link":"https:\/\/cerbere.ca\/lexique\/marqueur-multi-copies\/","title":{"rendered":"Marqueur multi-copies"},"content":{"rendered":"<p><b>Marqueur multi-copies<\/b><br \/>\n<i>multi-copy markers<\/i><\/p>\n<p>S\u00e9rie de marqueurs successifs ou proximaux dans un segment d\u2019ADN pour lesquels les laboratoires ne sont pas en mesure de conna\u00eetre pr\u00e9cis\u00e9ment les valeurs respectives des all\u00e8les. C\u2019est le cas des marqueurs DYS464a, DYS464b, DYS464c et DYS464d. Les valeurs obtenues sont alors plus difficiles \u00e0 comparer d\u2019un haplotype \u00e0 l\u2019autre.<\/p>\n","protected":false},"excerpt":{"rendered":"<p>Marqueur multi-copies multi-copy markers S\u00e9rie de marqueurs successifs ou proximaux dans un segment d\u2019ADN pour lesquels les laboratoires ne sont pas en mesure de conna\u00eetre pr\u00e9cis\u00e9ment les valeurs respectives des all\u00e8les. C\u2019est le cas des marqueurs DYS464a, DYS464b, DYS464c et DYS464d. Les valeurs obtenues sont alors plus difficiles \u00e0 comparer d\u2019un haplotype \u00e0 l\u2019autre.<\/p>\n","protected":false},"author":1,"featured_media":0,"parent":0,"menu_order":0,"comment_status":"closed","ping_status":"closed","template":"","meta":[],"_links":{"self":[{"href":"https:\/\/cerbere.ca\/lexique\/wp-json\/wp\/v2\/pages\/591"}],"collection":[{"href":"https:\/\/cerbere.ca\/lexique\/wp-json\/wp\/v2\/pages"}],"about":[{"href":"https:\/\/cerbere.ca\/lexique\/wp-json\/wp\/v2\/types\/page"}],"author":[{"embeddable":true,"href":"https:\/\/cerbere.ca\/lexique\/wp-json\/wp\/v2\/users\/1"}],"replies":[{"embeddable":true,"href":"https:\/\/cerbere.ca\/lexique\/wp-json\/wp\/v2\/comments?post=591"}],"version-history":[{"count":1,"href":"https:\/\/cerbere.ca\/lexique\/wp-json\/wp\/v2\/pages\/591\/revisions"}],"predecessor-version":[{"id":593,"href":"https:\/\/cerbere.ca\/lexique\/wp-json\/wp\/v2\/pages\/591\/revisions\/593"}],"wp:attachment":[{"href":"https:\/\/cerbere.ca\/lexique\/wp-json\/wp\/v2\/media?parent=591"}],"curies":[{"name":"wp","href":"https:\/\/api.w.org\/{rel}","templated":true}]}}