{"id":545,"date":"2017-03-20T01:58:53","date_gmt":"2017-03-19T20:58:53","guid":{"rendered":"https:\/\/cerbere.ca\/lexique\/?page_id=545"},"modified":"2017-03-20T01:58:53","modified_gmt":"2017-03-19T20:58:53","slug":"intervalle-de-confiance-ci","status":"publish","type":"page","link":"https:\/\/cerbere.ca\/lexique\/intervalle-de-confiance-ci\/","title":{"rendered":"Intervalle de confiance  (CI)"},"content":{"rendered":"<p><b>Intervalle de confiance <\/b><br \/>\n<i>confidence interval (CI)<\/i><\/p>\n<p>Intervalle calcul\u00e9 pour un niveau de probabilit\u00e9, par ex. 95%, \u00e0 l\u2019int\u00e9rieur duquel la valeur r\u00e9elle d\u2019une statistique, par ex. une moyenne, une proportion, une corr\u00e9lation, sera contenue.<\/p>\n<p>Pour le calcul : SOKAL &amp; ROHLF 1995 ch. 1<\/p>\n","protected":false},"excerpt":{"rendered":"<p>Intervalle de confiance confidence interval (CI) Intervalle calcul\u00e9 pour un niveau de probabilit\u00e9, par ex. 95%, \u00e0 l\u2019int\u00e9rieur duquel la valeur r\u00e9elle d\u2019une statistique, par ex. une moyenne, une proportion, une corr\u00e9lation, sera contenue. Pour le calcul : SOKAL &amp; ROHLF 1995 ch. 1<\/p>\n","protected":false},"author":1,"featured_media":0,"parent":0,"menu_order":0,"comment_status":"closed","ping_status":"closed","template":"","meta":[],"_links":{"self":[{"href":"https:\/\/cerbere.ca\/lexique\/wp-json\/wp\/v2\/pages\/545"}],"collection":[{"href":"https:\/\/cerbere.ca\/lexique\/wp-json\/wp\/v2\/pages"}],"about":[{"href":"https:\/\/cerbere.ca\/lexique\/wp-json\/wp\/v2\/types\/page"}],"author":[{"embeddable":true,"href":"https:\/\/cerbere.ca\/lexique\/wp-json\/wp\/v2\/users\/1"}],"replies":[{"embeddable":true,"href":"https:\/\/cerbere.ca\/lexique\/wp-json\/wp\/v2\/comments?post=545"}],"version-history":[{"count":1,"href":"https:\/\/cerbere.ca\/lexique\/wp-json\/wp\/v2\/pages\/545\/revisions"}],"predecessor-version":[{"id":547,"href":"https:\/\/cerbere.ca\/lexique\/wp-json\/wp\/v2\/pages\/545\/revisions\/547"}],"wp:attachment":[{"href":"https:\/\/cerbere.ca\/lexique\/wp-json\/wp\/v2\/media?parent=545"}],"curies":[{"name":"wp","href":"https:\/\/api.w.org\/{rel}","templated":true}]}}