{"id":514,"date":"2017-03-20T01:25:53","date_gmt":"2017-03-19T20:25:53","guid":{"rendered":"https:\/\/cerbere.ca\/lexique\/?page_id=514"},"modified":"2017-03-20T01:25:53","modified_gmt":"2017-03-19T20:25:53","slug":"horizon-genealogique","status":"publish","type":"page","link":"https:\/\/cerbere.ca\/lexique\/horizon-genealogique\/","title":{"rendered":"Horizon g\u00e9n\u00e9alogique"},"content":{"rendered":"<p><b>Horizon g\u00e9n\u00e9alogique <\/b><br \/>\n<i>genealogical time frame<\/i><\/p>\n<p>Horizon temporel pour lequel il existe des r\u00e9f\u00e9rences mat\u00e9rielles ou des archives \u00e9crites permettant de fonder l\u2019existence de liens d\u2019ascendance ou simplement de parent\u00e9 entre des individus. Il est le plus souvent convenu que l\u2019horizon g\u00e9n\u00e9alogique ne d\u00e9passe pas 1000 ans.<\/p>\n<p>&nbsp;<\/p>\n","protected":false},"excerpt":{"rendered":"<p>Horizon g\u00e9n\u00e9alogique genealogical time frame Horizon temporel pour lequel il existe des r\u00e9f\u00e9rences mat\u00e9rielles ou des archives \u00e9crites permettant de fonder l\u2019existence de liens d\u2019ascendance ou simplement de parent\u00e9 entre des individus. Il est le plus souvent convenu que l\u2019horizon g\u00e9n\u00e9alogique ne d\u00e9passe pas 1000 ans. &nbsp;<\/p>\n","protected":false},"author":1,"featured_media":0,"parent":0,"menu_order":0,"comment_status":"closed","ping_status":"closed","template":"","meta":[],"_links":{"self":[{"href":"https:\/\/cerbere.ca\/lexique\/wp-json\/wp\/v2\/pages\/514"}],"collection":[{"href":"https:\/\/cerbere.ca\/lexique\/wp-json\/wp\/v2\/pages"}],"about":[{"href":"https:\/\/cerbere.ca\/lexique\/wp-json\/wp\/v2\/types\/page"}],"author":[{"embeddable":true,"href":"https:\/\/cerbere.ca\/lexique\/wp-json\/wp\/v2\/users\/1"}],"replies":[{"embeddable":true,"href":"https:\/\/cerbere.ca\/lexique\/wp-json\/wp\/v2\/comments?post=514"}],"version-history":[{"count":1,"href":"https:\/\/cerbere.ca\/lexique\/wp-json\/wp\/v2\/pages\/514\/revisions"}],"predecessor-version":[{"id":516,"href":"https:\/\/cerbere.ca\/lexique\/wp-json\/wp\/v2\/pages\/514\/revisions\/516"}],"wp:attachment":[{"href":"https:\/\/cerbere.ca\/lexique\/wp-json\/wp\/v2\/media?parent=514"}],"curies":[{"name":"wp","href":"https:\/\/api.w.org\/{rel}","templated":true}]}}