{"id":496,"date":"2017-03-20T01:02:01","date_gmt":"2017-03-19T20:02:01","guid":{"rendered":"https:\/\/cerbere.ca\/lexique\/?page_id=496"},"modified":"2017-03-20T01:02:01","modified_gmt":"2017-03-19T20:02:01","slug":"heterochromatine","status":"publish","type":"page","link":"https:\/\/cerbere.ca\/lexique\/heterochromatine\/","title":{"rendered":"H\u00e9t\u00e9rochromatine"},"content":{"rendered":"<dl>\n<dt><b>H\u00e9t\u00e9rochromatine <\/b><br \/>\n<i>heterochromatin<\/i><\/dt>\n<dt><\/dt>\n<dd>L&rsquo;h\u00e9t\u00e9rochromatine est la partie de chromatine inactive au niveau g\u00e9n\u00e9tique. Elle ne contient pas de g\u00e8nes. L&rsquo;h\u00e9t\u00e9rochromatine constitutive, correspondant \u00e0 des portions de chromosomes apparemment inactives dans toutes les cellules et porteuse de s\u00e9quences r\u00e9p\u00e9titives, dont les plus grandes parties se trouvent \u00e0 proximit\u00e9 des centrom\u00e8res et t\u00e9lom\u00e8res. Bien que n&rsquo;\u00e9tant pas apparemment impliqu\u00e9e dans les g\u00e8nes eux m\u00eames, l&rsquo;h\u00e9t\u00e9rochromatine se reproduit int\u00e9gralement d&rsquo;une g\u00e9n\u00e9ration \u00e0 l&rsquo;autre sauf pour de rares cas o\u00f9 il se produit des erreurs de transcription contribuant ainsi au polymorphisme de l&rsquo;ADN sur lequel se base la G\/ADN.<\/dd>\n<dd>Aussi appel\u00e9 ADN satellite, ou <i>junk DNA<\/i> en anglais.<\/p>\n<p>Voir: <i>euchromatine<\/i>;<i> ADN satellite<\/i><\/dd>\n<\/dl>\n<p>&nbsp;<\/p>\n","protected":false},"excerpt":{"rendered":"<p>H\u00e9t\u00e9rochromatine heterochromatin L&rsquo;h\u00e9t\u00e9rochromatine est la partie de chromatine inactive au niveau g\u00e9n\u00e9tique. Elle ne contient pas de g\u00e8nes. L&rsquo;h\u00e9t\u00e9rochromatine constitutive, correspondant \u00e0 des portions de chromosomes apparemment inactives dans toutes les cellules et porteuse de s\u00e9quences r\u00e9p\u00e9titives, dont les plus grandes parties se trouvent \u00e0 proximit\u00e9 des centrom\u00e8res et t\u00e9lom\u00e8res. Bien que n&rsquo;\u00e9tant pas apparemment [&hellip;]<\/p>\n","protected":false},"author":1,"featured_media":0,"parent":0,"menu_order":0,"comment_status":"closed","ping_status":"closed","template":"","meta":[],"_links":{"self":[{"href":"https:\/\/cerbere.ca\/lexique\/wp-json\/wp\/v2\/pages\/496"}],"collection":[{"href":"https:\/\/cerbere.ca\/lexique\/wp-json\/wp\/v2\/pages"}],"about":[{"href":"https:\/\/cerbere.ca\/lexique\/wp-json\/wp\/v2\/types\/page"}],"author":[{"embeddable":true,"href":"https:\/\/cerbere.ca\/lexique\/wp-json\/wp\/v2\/users\/1"}],"replies":[{"embeddable":true,"href":"https:\/\/cerbere.ca\/lexique\/wp-json\/wp\/v2\/comments?post=496"}],"version-history":[{"count":1,"href":"https:\/\/cerbere.ca\/lexique\/wp-json\/wp\/v2\/pages\/496\/revisions"}],"predecessor-version":[{"id":498,"href":"https:\/\/cerbere.ca\/lexique\/wp-json\/wp\/v2\/pages\/496\/revisions\/498"}],"wp:attachment":[{"href":"https:\/\/cerbere.ca\/lexique\/wp-json\/wp\/v2\/media?parent=496"}],"curies":[{"name":"wp","href":"https:\/\/api.w.org\/{rel}","templated":true}]}}