{"id":461,"date":"2017-03-19T01:51:36","date_gmt":"2017-03-18T20:51:36","guid":{"rendered":"https:\/\/cerbere.ca\/lexique\/?page_id=461"},"modified":"2017-03-19T01:51:36","modified_gmt":"2017-03-18T20:51:36","slug":"glaciation","status":"publish","type":"page","link":"https:\/\/cerbere.ca\/lexique\/glaciation\/","title":{"rendered":"Glaciation"},"content":{"rendered":"<p><b>Glaciation <\/b><br \/>\n<i>glaciation<\/i><\/p>\n<p>Les p\u00e9riodes glaciaires sont caract\u00e9ris\u00e9es par une diminution de la temp\u00e9rature et une augmentation du niveau des pr\u00e9cipitations. D&rsquo;immenses glaciers se forment alors aux p\u00f4les et dans les cha\u00eenes de montagnes. Ainsi on estime que la derni\u00e8re grande glaciation de W\u00fcrm de -80 ka \u00e0 -10,3 ka a recouvert l&rsquo;Europe jusqu&rsquo;au Sud de la France et en l&rsquo;Am\u00e9rique du Nord jusqu&rsquo;en Caroline. Le niveau d&rsquo;eau des mers et des lacs est aussi grandement diminu\u00e9, l&rsquo;eau \u00e9tant maintenue captive dans les glaciers. Lors de la derni\u00e8re, le niveau de la mer a baiss\u00e9 de 120 m\u00e8tres en moyenne, avec pour cons\u00e9quence de relier des continents entre eux, ou des \u00eeles au continent et que le fond de mer devienne prairie ou m\u00eame for\u00eat pendant plusieurs mill\u00e9naires. Des ponts de glace se forment aussi entre les continents. Les courants marins sont aussi tr\u00e8s affect\u00e9s. Ces transformations rendent inhospitali\u00e8res les r\u00e9gions recouvertes de glaces en permanence. Par contre, la colonisation de nouveaux espaces est rendue possible.<br \/>\nLa Figure suivante indique les plus r\u00e9centes glaciations et les p\u00e9riodes inter-glaciaires. L&rsquo;autre Figure illustre les variations des temp\u00e9ratures au cours des 10k derni\u00e8res ann\u00e9es.<b> <\/b><\/p>\n<p><b><br \/>\n<img decoding=\"async\" src=\"http:\/\/corvus\/graphes\/glaciations.gif\" align=\"BOTTOM\" border=\"0\" \/><\/b><\/p>\n","protected":false},"excerpt":{"rendered":"<p>Glaciation glaciation Les p\u00e9riodes glaciaires sont caract\u00e9ris\u00e9es par une diminution de la temp\u00e9rature et une augmentation du niveau des pr\u00e9cipitations. D&rsquo;immenses glaciers se forment alors aux p\u00f4les et dans les cha\u00eenes de montagnes. Ainsi on estime que la derni\u00e8re grande glaciation de W\u00fcrm de -80 ka \u00e0 -10,3 ka a recouvert l&rsquo;Europe jusqu&rsquo;au Sud de [&hellip;]<\/p>\n","protected":false},"author":1,"featured_media":0,"parent":0,"menu_order":0,"comment_status":"closed","ping_status":"closed","template":"","meta":[],"_links":{"self":[{"href":"https:\/\/cerbere.ca\/lexique\/wp-json\/wp\/v2\/pages\/461"}],"collection":[{"href":"https:\/\/cerbere.ca\/lexique\/wp-json\/wp\/v2\/pages"}],"about":[{"href":"https:\/\/cerbere.ca\/lexique\/wp-json\/wp\/v2\/types\/page"}],"author":[{"embeddable":true,"href":"https:\/\/cerbere.ca\/lexique\/wp-json\/wp\/v2\/users\/1"}],"replies":[{"embeddable":true,"href":"https:\/\/cerbere.ca\/lexique\/wp-json\/wp\/v2\/comments?post=461"}],"version-history":[{"count":1,"href":"https:\/\/cerbere.ca\/lexique\/wp-json\/wp\/v2\/pages\/461\/revisions"}],"predecessor-version":[{"id":463,"href":"https:\/\/cerbere.ca\/lexique\/wp-json\/wp\/v2\/pages\/461\/revisions\/463"}],"wp:attachment":[{"href":"https:\/\/cerbere.ca\/lexique\/wp-json\/wp\/v2\/media?parent=461"}],"curies":[{"name":"wp","href":"https:\/\/api.w.org\/{rel}","templated":true}]}}