{"id":446,"date":"2017-03-19T01:40:18","date_gmt":"2017-03-18T20:40:18","guid":{"rendered":"https:\/\/cerbere.ca\/lexique\/?page_id=446"},"modified":"2017-03-19T01:40:18","modified_gmt":"2017-03-18T20:40:18","slug":"dna-ancestry-genetrack-com","status":"publish","type":"page","link":"https:\/\/cerbere.ca\/lexique\/dna-ancestry-genetrack-com\/","title":{"rendered":"DNA Ancestry  Genetrack.com"},"content":{"rendered":"<p><b>Genetrack.com <\/b><br \/>\n<i>genetrack.com<\/i><\/p>\n<p><b>Une compagnie canadienne qui effectue des tests d&rsquo;ADN \u00e0 la fois \u00e0 des fins juridiques et de g\u00e9n\u00e9alogie. Si\u00e8ge social et laboratoires \u00e0 Vancouver, affili\u00e9e au DNA-Ancestry-Project. <\/b><\/p>\n<p>http:\/\/genetrack.com\/<\/p>\n<blockquote data-secret=\"GPBYUwgnsJ\" class=\"wp-embedded-content\"><p><a href=\"https:\/\/www.dnaancestryproject.com\/\">Home<\/a><\/p><\/blockquote>\n<p><iframe class=\"wp-embedded-content\" sandbox=\"allow-scripts\" security=\"restricted\" style=\"position: absolute; clip: rect(1px, 1px, 1px, 1px);\" src=\"https:\/\/www.dnaancestryproject.com\/embed\/#?secret=GPBYUwgnsJ\" data-secret=\"GPBYUwgnsJ\" width=\"600\" height=\"338\" title=\"&#8220;Home&#8221; &#8212; DNA Ancestry Project\" frameborder=\"0\" marginwidth=\"0\" marginheight=\"0\" scrolling=\"no\"><\/iframe><\/p>\n<blockquote data-secret=\"GPBYUwgnsJ\" class=\"wp-embedded-content\"><p><a href=\"https:\/\/www.dnaancestryproject.com\/\">Home<\/a><\/p><\/blockquote>\n<p><iframe class=\"wp-embedded-content\" sandbox=\"allow-scripts\" security=\"restricted\" style=\"position: absolute; clip: rect(1px, 1px, 1px, 1px);\" src=\"https:\/\/www.dnaancestryproject.com\/embed\/#?secret=GPBYUwgnsJ\" data-secret=\"GPBYUwgnsJ\" width=\"600\" height=\"338\" title=\"&#8220;Home&#8221; &#8212; DNA Ancestry Project\" frameborder=\"0\" marginwidth=\"0\" marginheight=\"0\" scrolling=\"no\"><\/iframe><\/p>\n","protected":false},"excerpt":{"rendered":"<p>Genetrack.com genetrack.com Une compagnie canadienne qui effectue des tests d&rsquo;ADN \u00e0 la fois \u00e0 des fins juridiques et de g\u00e9n\u00e9alogie. Si\u00e8ge social et laboratoires \u00e0 Vancouver, affili\u00e9e au DNA-Ancestry-Project. http:\/\/genetrack.com\/ Home Home<\/p>\n","protected":false},"author":1,"featured_media":0,"parent":0,"menu_order":0,"comment_status":"closed","ping_status":"closed","template":"","meta":[],"_links":{"self":[{"href":"https:\/\/cerbere.ca\/lexique\/wp-json\/wp\/v2\/pages\/446"}],"collection":[{"href":"https:\/\/cerbere.ca\/lexique\/wp-json\/wp\/v2\/pages"}],"about":[{"href":"https:\/\/cerbere.ca\/lexique\/wp-json\/wp\/v2\/types\/page"}],"author":[{"embeddable":true,"href":"https:\/\/cerbere.ca\/lexique\/wp-json\/wp\/v2\/users\/1"}],"replies":[{"embeddable":true,"href":"https:\/\/cerbere.ca\/lexique\/wp-json\/wp\/v2\/comments?post=446"}],"version-history":[{"count":1,"href":"https:\/\/cerbere.ca\/lexique\/wp-json\/wp\/v2\/pages\/446\/revisions"}],"predecessor-version":[{"id":448,"href":"https:\/\/cerbere.ca\/lexique\/wp-json\/wp\/v2\/pages\/446\/revisions\/448"}],"wp:attachment":[{"href":"https:\/\/cerbere.ca\/lexique\/wp-json\/wp\/v2\/media?parent=446"}],"curies":[{"name":"wp","href":"https:\/\/api.w.org\/{rel}","templated":true}]}}