{"id":335,"date":"2017-03-18T23:57:56","date_gmt":"2017-03-18T18:57:56","guid":{"rendered":"https:\/\/cerbere.ca\/lexique\/?page_id=335"},"modified":"2017-03-18T23:57:56","modified_gmt":"2017-03-18T18:57:56","slug":"enzyme","status":"publish","type":"page","link":"https:\/\/cerbere.ca\/lexique\/enzyme\/","title":{"rendered":"Enzyme"},"content":{"rendered":"<p><b>Enzyme <\/b><br \/>\n<i>enzyme<\/i><\/p>\n<p>Une prot\u00e9ine qui favorise une r\u00e9action biochimique essentielle \u00e0 la vie et \u00e0 sa propagation.<\/p>\n","protected":false},"excerpt":{"rendered":"<p>Enzyme enzyme Une prot\u00e9ine qui favorise une r\u00e9action biochimique essentielle \u00e0 la vie et \u00e0 sa propagation.<\/p>\n","protected":false},"author":1,"featured_media":0,"parent":0,"menu_order":0,"comment_status":"closed","ping_status":"closed","template":"","meta":[],"_links":{"self":[{"href":"https:\/\/cerbere.ca\/lexique\/wp-json\/wp\/v2\/pages\/335"}],"collection":[{"href":"https:\/\/cerbere.ca\/lexique\/wp-json\/wp\/v2\/pages"}],"about":[{"href":"https:\/\/cerbere.ca\/lexique\/wp-json\/wp\/v2\/types\/page"}],"author":[{"embeddable":true,"href":"https:\/\/cerbere.ca\/lexique\/wp-json\/wp\/v2\/users\/1"}],"replies":[{"embeddable":true,"href":"https:\/\/cerbere.ca\/lexique\/wp-json\/wp\/v2\/comments?post=335"}],"version-history":[{"count":1,"href":"https:\/\/cerbere.ca\/lexique\/wp-json\/wp\/v2\/pages\/335\/revisions"}],"predecessor-version":[{"id":337,"href":"https:\/\/cerbere.ca\/lexique\/wp-json\/wp\/v2\/pages\/335\/revisions\/337"}],"wp:attachment":[{"href":"https:\/\/cerbere.ca\/lexique\/wp-json\/wp\/v2\/media?parent=335"}],"curies":[{"name":"wp","href":"https:\/\/api.w.org\/{rel}","templated":true}]}}