{"id":230,"date":"2017-03-18T20:52:36","date_gmt":"2017-03-18T15:52:36","guid":{"rendered":"https:\/\/cerbere.ca\/lexique\/?page_id=230"},"modified":"2017-03-18T20:52:44","modified_gmt":"2017-03-18T15:52:44","slug":"complementaires","status":"publish","type":"page","link":"https:\/\/cerbere.ca\/lexique\/complementaires\/","title":{"rendered":"compl\u00e9mentaires"},"content":{"rendered":"<p><b>Compl\u00e9mentaires <\/b><br \/>\n<i>complementary<\/i><\/p>\n<p>S&rsquo;applique aux bases qui forment un lien chimique entre elles. Ainsi dans un brin d&rsquo;ADN, les bases Ad\u00e9nine et Thymine sont compl\u00e9mentaires et forment des paires A-T et T-A. Il en est de m\u00eame pour la Cytosine et la Guanine qui sont dites compl\u00e9mentaires et forment alors des paires C-G et G-C.<\/p>\n<p>&nbsp;<\/p>\n","protected":false},"excerpt":{"rendered":"<p>Compl\u00e9mentaires complementary S&rsquo;applique aux bases qui forment un lien chimique entre elles. Ainsi dans un brin d&rsquo;ADN, les bases Ad\u00e9nine et Thymine sont compl\u00e9mentaires et forment des paires A-T et T-A. Il en est de m\u00eame pour la Cytosine et la Guanine qui sont dites compl\u00e9mentaires et forment alors des paires C-G et G-C. &nbsp;<\/p>\n","protected":false},"author":1,"featured_media":0,"parent":0,"menu_order":0,"comment_status":"closed","ping_status":"closed","template":"","meta":[],"_links":{"self":[{"href":"https:\/\/cerbere.ca\/lexique\/wp-json\/wp\/v2\/pages\/230"}],"collection":[{"href":"https:\/\/cerbere.ca\/lexique\/wp-json\/wp\/v2\/pages"}],"about":[{"href":"https:\/\/cerbere.ca\/lexique\/wp-json\/wp\/v2\/types\/page"}],"author":[{"embeddable":true,"href":"https:\/\/cerbere.ca\/lexique\/wp-json\/wp\/v2\/users\/1"}],"replies":[{"embeddable":true,"href":"https:\/\/cerbere.ca\/lexique\/wp-json\/wp\/v2\/comments?post=230"}],"version-history":[{"count":2,"href":"https:\/\/cerbere.ca\/lexique\/wp-json\/wp\/v2\/pages\/230\/revisions"}],"predecessor-version":[{"id":233,"href":"https:\/\/cerbere.ca\/lexique\/wp-json\/wp\/v2\/pages\/230\/revisions\/233"}],"wp:attachment":[{"href":"https:\/\/cerbere.ca\/lexique\/wp-json\/wp\/v2\/media?parent=230"}],"curies":[{"name":"wp","href":"https:\/\/api.w.org\/{rel}","templated":true}]}}