{"id":177,"date":"2017-03-18T19:59:47","date_gmt":"2017-03-18T14:59:47","guid":{"rendered":"https:\/\/cerbere.ca\/lexique\/?page_id=177"},"modified":"2017-03-18T20:21:44","modified_gmt":"2017-03-18T15:21:44","slug":"cladogramme","status":"publish","type":"page","link":"https:\/\/cerbere.ca\/lexique\/cladogramme\/","title":{"rendered":"cladogramme"},"content":{"rendered":"<p><b>Cladogramme <\/b><br \/>\n<i>cladogram<\/i><\/p>\n<p>Arbre, arborescence repr\u00e9sentant des relations de descendance phylog\u00e9n\u00e9tique ou \u00e9volutive (qui demeurent hypoth\u00e9tiques) et dont les clades sont les branches et les rameaux. Exemple, les clades et sous-clades de l&rsquo;ADN mitochondrial de l&rsquo;haplogroupe H en 2006, avec un extension pour le sous-clade H7.<\/p>\n<p><b><br \/>\n<img decoding=\"async\" loading=\"lazy\" src=\"http:\/\/corvus\/graphes\/HsubClades2006.gif\" width=\"756\" height=\"554\" align=\"BOTTOM\" border=\"0\" \/><\/b><\/p>\n","protected":false},"excerpt":{"rendered":"<p>Cladogramme cladogram Arbre, arborescence repr\u00e9sentant des relations de descendance phylog\u00e9n\u00e9tique ou \u00e9volutive (qui demeurent hypoth\u00e9tiques) et dont les clades sont les branches et les rameaux. Exemple, les clades et sous-clades de l&rsquo;ADN mitochondrial de l&rsquo;haplogroupe H en 2006, avec un extension pour le sous-clade H7.<\/p>\n","protected":false},"author":1,"featured_media":0,"parent":0,"menu_order":0,"comment_status":"closed","ping_status":"closed","template":"","meta":[],"_links":{"self":[{"href":"https:\/\/cerbere.ca\/lexique\/wp-json\/wp\/v2\/pages\/177"}],"collection":[{"href":"https:\/\/cerbere.ca\/lexique\/wp-json\/wp\/v2\/pages"}],"about":[{"href":"https:\/\/cerbere.ca\/lexique\/wp-json\/wp\/v2\/types\/page"}],"author":[{"embeddable":true,"href":"https:\/\/cerbere.ca\/lexique\/wp-json\/wp\/v2\/users\/1"}],"replies":[{"embeddable":true,"href":"https:\/\/cerbere.ca\/lexique\/wp-json\/wp\/v2\/comments?post=177"}],"version-history":[{"count":3,"href":"https:\/\/cerbere.ca\/lexique\/wp-json\/wp\/v2\/pages\/177\/revisions"}],"predecessor-version":[{"id":194,"href":"https:\/\/cerbere.ca\/lexique\/wp-json\/wp\/v2\/pages\/177\/revisions\/194"}],"wp:attachment":[{"href":"https:\/\/cerbere.ca\/lexique\/wp-json\/wp\/v2\/media?parent=177"}],"curies":[{"name":"wp","href":"https:\/\/api.w.org\/{rel}","templated":true}]}}