{"id":106,"date":"2017-03-18T19:03:48","date_gmt":"2017-03-18T14:03:48","guid":{"rendered":"https:\/\/cerbere.ca\/lexique\/?page_id=106"},"modified":"2017-03-18T19:03:48","modified_gmt":"2017-03-18T14:03:48","slug":"arbre-phylogenetique","status":"publish","type":"page","link":"https:\/\/cerbere.ca\/lexique\/arbre-phylogenetique\/","title":{"rendered":"Arbre phylog\u00e9n\u00e9tique"},"content":{"rendered":"<dl>\n<dt><b>Arbre phylog\u00e9n\u00e9tique <\/b><br \/>\n<i>phylogenetic tree<\/i><\/dt>\n<dd>arbre repr\u00e9sentant la descendance phylog\u00e9n\u00e9tique de clades (haplogroupes). Cet arbre est inf\u00e9r\u00e9 \u00e0 partir des SNP partag\u00e9s par les ADN appartenant \u00e0 un m\u00eame clade ou haplogroupe et par les SNP les distinguant d&rsquo;Autres haplogroupes.<\/dd>\n<dd><\/dd>\n<dd>voir: classification phylog\u00e9n\u00e9tique, taxonomie<\/dd>\n<\/dl>\n<p>&nbsp;<\/p>\n","protected":false},"excerpt":{"rendered":"<p>Arbre phylog\u00e9n\u00e9tique phylogenetic tree arbre repr\u00e9sentant la descendance phylog\u00e9n\u00e9tique de clades (haplogroupes). Cet arbre est inf\u00e9r\u00e9 \u00e0 partir des SNP partag\u00e9s par les ADN appartenant \u00e0 un m\u00eame clade ou haplogroupe et par les SNP les distinguant d&rsquo;Autres haplogroupes. voir: classification phylog\u00e9n\u00e9tique, taxonomie &nbsp;<\/p>\n","protected":false},"author":1,"featured_media":0,"parent":0,"menu_order":0,"comment_status":"closed","ping_status":"closed","template":"","meta":[],"_links":{"self":[{"href":"https:\/\/cerbere.ca\/lexique\/wp-json\/wp\/v2\/pages\/106"}],"collection":[{"href":"https:\/\/cerbere.ca\/lexique\/wp-json\/wp\/v2\/pages"}],"about":[{"href":"https:\/\/cerbere.ca\/lexique\/wp-json\/wp\/v2\/types\/page"}],"author":[{"embeddable":true,"href":"https:\/\/cerbere.ca\/lexique\/wp-json\/wp\/v2\/users\/1"}],"replies":[{"embeddable":true,"href":"https:\/\/cerbere.ca\/lexique\/wp-json\/wp\/v2\/comments?post=106"}],"version-history":[{"count":1,"href":"https:\/\/cerbere.ca\/lexique\/wp-json\/wp\/v2\/pages\/106\/revisions"}],"predecessor-version":[{"id":108,"href":"https:\/\/cerbere.ca\/lexique\/wp-json\/wp\/v2\/pages\/106\/revisions\/108"}],"wp:attachment":[{"href":"https:\/\/cerbere.ca\/lexique\/wp-json\/wp\/v2\/media?parent=106"}],"curies":[{"name":"wp","href":"https:\/\/api.w.org\/{rel}","templated":true}]}}